{"id":4468,"date":"2017-10-05T14:27:49","date_gmt":"2017-10-05T14:27:49","guid":{"rendered":"https:\/\/wifonetworks.com\/who-are-we\/"},"modified":"2022-07-07T07:48:37","modified_gmt":"2022-07-07T07:48:37","slug":"who-are-we","status":"publish","type":"page","link":"https:\/\/wifonetworks.com\/en\/who-are-we\/","title":{"rendered":"Who are we"},"content":{"rendered":"\n<style type=\"text\/css\" data-created_by=\"avia_inline_auto\" id=\"style-css-av-9edkip-ced62cdc386bd493aa9004138fb438c7\">\n.flex_column.av-9edkip-ced62cdc386bd493aa9004138fb438c7{\nborder-radius:0px 0px 0px 0px;\npadding:0px 10% 0px 10%;\n}\n<\/style>\n<div  class='flex_column av-9edkip-ced62cdc386bd493aa9004138fb438c7 av_one_full  avia-builder-el-0  el_before_av_one_full  avia-builder-el-first  first flex_column_div  '     ><section  class='av_textblock_section av-7o2zht-082dbd6d7577d03a9cc35a6bb677f74c '   itemscope=\"itemscope\" itemtype=\"https:\/\/schema.org\/CreativeWork\" ><div class='avia_textblock'  itemprop=\"text\" ><p style=\"text-align: center;\"><img loading=\"lazy\" decoding=\"async\" class=\"aligncenter wp-image-3791 size-medium\" src=\"http:\/\/wifonetworks.com\/wp-content\/uploads\/2022\/02\/logo_wifo-300x136.png\" alt=\"\" width=\"300\" height=\"136\" srcset=\"https:\/\/wifonetworks.com\/wp-content\/uploads\/2022\/02\/logo_wifo-300x136.png 300w, https:\/\/wifonetworks.com\/wp-content\/uploads\/2022\/02\/logo_wifo.png 561w\" sizes=\"auto, (max-width: 300px) 100vw, 300px\" \/><\/p>\n<\/div><\/section><br \/>\n\n<style type=\"text\/css\" data-created_by=\"avia_inline_auto\" id=\"style-css-av-l0aqz3id-8b252a987704e6ba91b54e8cf3a2269a\">\n#top .av-special-heading.av-l0aqz3id-8b252a987704e6ba91b54e8cf3a2269a{\npadding-bottom:10px;\ncolor:#0398b2;\n}\nbody .av-special-heading.av-l0aqz3id-8b252a987704e6ba91b54e8cf3a2269a .av-special-heading-tag .heading-char{\nfont-size:25px;\n}\n.av-special-heading.av-l0aqz3id-8b252a987704e6ba91b54e8cf3a2269a .special-heading-inner-border{\nborder-color:#c6c6c6;\n}\n.av-special-heading.av-l0aqz3id-8b252a987704e6ba91b54e8cf3a2269a .av-subheading{\nfont-size:15px;\n}\nbody .av-special-heading.av-l0aqz3id-8b252a987704e6ba91b54e8cf3a2269a .av-special-heading-tag .heading-wrap:before{\nborder-color:#c6c6c6;\n}\nbody .av-special-heading.av-l0aqz3id-8b252a987704e6ba91b54e8cf3a2269a .av-special-heading-tag .heading-wrap:after{\nborder-color:#c6c6c6;\n}\n<\/style>\n<div  class='av-special-heading av-l0aqz3id-8b252a987704e6ba91b54e8cf3a2269a av-special-heading-h2 custom-color-heading blockquote elegant-quote elegant-centered  avia-builder-el-2  el_after_av_textblock  avia-builder-el-last '><h2 class='av-special-heading-tag '  itemprop=\"headline\"  ><span class=\"heading-wrap\">The future of telecommunications<\/span><\/h2><div class=\"special-heading-border\"><div class=\"special-heading-inner-border\"><\/div><\/div><\/div><\/p><\/div>\n<div  class='flex_column av-1fqn1d-5b3343b6ce8bb25333beb2f696188ef6 av_one_full  avia-builder-el-3  el_after_av_one_full  el_before_av_one_third  first flex_column_div  column-top-margin'     ><p>\n<style type=\"text\/css\" data-created_by=\"avia_inline_auto\" id=\"style-css-av-l1euczlg-0b720e33c13ef94657a41907ba1b4448\">\n.avia-timeline-container.av-l1euczlg-0b720e33c13ef94657a41907ba1b4448 .av-milestone-icon-inner{\nbackground-color:#0199b2;\n}\n.avia-timeline-container.av-l1euczlg-0b720e33c13ef94657a41907ba1b4448 .av-milestone-indicator{\nbackground-color:#0199b2;\n}\n.avia-timeline-container.av-l1euczlg-0b720e33c13ef94657a41907ba1b4448 .av-milestone-article-footer{\nbackground-color:#0199b2;\n}\n<\/style>\n<div  id=\"avia-timeline-1\"  class='avia-timeline-container av-l1euczlg-0b720e33c13ef94657a41907ba1b4448 av-slideshow-ui  avia-builder-el-4  el_before_av_heading  avia-builder-el-first ' ><ul class='avia-timeline avia-timeline-vertical av-milestone-placement-alternate avia-timeline- avia_animate_when_almost_visible avia-timeline-animate'>\n<li  class='av-milestone av-l1euavkg-12d41e4d7e0a470b6e278b47134080d7 av-animated-generic fade-in av-milestone-valign-baseline av-milestone-odd'><h2 class='av-milestone-date ' id='milestone-2016' ><strong>2016<span class='av-milestone-indicator'><\/span><\/strong><\/h2><div class=\"av-milestone-icon-wrap\"><span class='av-milestone-icon milestone_icon avia-font-entypo-fontello'><span class='av-milestone-icon-inner milestone_inner'><i class='milestone-char avia-iconfont avia-font-entypo-fontello' data-av_icon='' data-av_iconfont='entypo-fontello' ><\/i><\/span><\/span><\/div><article class='av-milestone-content-wrap'><div class='av-milestone-contentbox'><header class=\"entry-content-header\" aria-label=\"Milestone: Foundation\"><h4 class='av-milestone-title '>Foundation<\/h4><\/header><div class='av-milestone-content'><p><strong>WIFO<\/strong> was founded in 2016 by a team of professionals with more than 30 years of experience in the field of Telecommunications from Giko Group, Ltd.&#13;<br \/>\n&#13;<br \/>\nThe Wifo system, a system for heterogeneous networks that combines radio with fiber optics, is patented.&#13;<br \/>\n&#13;<br \/>\nCollaboration with Qualcomm is important at this stage for the development of our system<\/p>\n<\/div><\/div><footer class='av-milestone-article-footer entry-footer'><\/footer><\/article><\/li>\n<li  class='av-milestone av-l1eubicy-b3acb4f6148baef94373bd193d2d7ec7 av-animated-generic fade-in av-milestone-valign-baseline av-milestone-even'><article class='av-milestone-content-wrap'><div class='av-milestone-contentbox'><header class=\"entry-content-header\" aria-label=\"Milestone: Expansion\"><h4 class='av-milestone-title '>Expansion<\/h4><\/header><div class='av-milestone-content'><p>In 2017\/2018 tests are carried out in Madrid under the NEUTRA umbrella, concept tests and tests in Mexico, Peru, Argentina, Brazil and Spain with very satisfactory results.<\/p>\n<\/div><\/div><footer class='av-milestone-article-footer entry-footer'><\/footer><\/article><div class=\"av-milestone-icon-wrap\"><span class='av-milestone-icon milestone_icon avia-font-entypo-fontello'><span class='av-milestone-icon-inner milestone_inner'><i class='milestone-char avia-iconfont avia-font-entypo-fontello' data-av_icon='\ue841' data-av_iconfont='entypo-fontello' ><\/i><\/span><\/span><\/div><h2 class='av-milestone-date ' id='milestone-2017-2018' ><strong>2017\/2018<span class='av-milestone-indicator'><\/span><\/strong><\/h2><\/li>\n<li  class='av-milestone av-l1euc2kx-421b398f0045b24c3d11251e95c22f00 av-animated-generic fade-in av-milestone-valign-baseline av-milestone-odd'><h2 class='av-milestone-date ' id='milestone-2019' ><strong>2019<span class='av-milestone-indicator'><\/span><\/strong><\/h2><div class=\"av-milestone-icon-wrap\"><span class='av-milestone-icon milestone_icon avia-font-entypo-fontello'><span class='av-milestone-icon-inner milestone_inner'><i class='milestone-char avia-iconfont avia-font-entypo-fontello' data-av_icon='\ue841' data-av_iconfont='entypo-fontello' ><\/i><\/span><\/span><\/div><article class='av-milestone-content-wrap'><div class='av-milestone-contentbox'><header class=\"entry-content-header\" aria-label=\"Milestone: Products\"><h4 class='av-milestone-title '>Products<\/h4><\/header><div class='av-milestone-content'><p>The final product, Smallcells, LTE and Wifi, is finished. Along with Qualcomm and Qucell Wifo technology partners.<\/p>\n<\/div><\/div><footer class='av-milestone-article-footer entry-footer'><\/footer><\/article><\/li>\n<li  class='av-milestone av-l1eue1hv-15b4b01462154c3d96e46b6333f592d2 av-animated-generic fade-in av-milestone-valign-baseline av-milestone-even'><article class='av-milestone-content-wrap'><div class='av-milestone-contentbox'><header class=\"entry-content-header\" aria-label=\"Milestone:  International Agreements\"><h4 class='av-milestone-title '> International Agreements<\/h4><\/header><div class='av-milestone-content'><p>The financial KBR GROUP joins the WIFO project, which provides Wifo with economic-financial advice.<\/p>\n<\/div><\/div><footer class='av-milestone-article-footer entry-footer'><\/footer><\/article><div class=\"av-milestone-icon-wrap\"><span class='av-milestone-icon milestone_icon avia-font-entypo-fontello'><span class='av-milestone-icon-inner milestone_inner'><i class='milestone-char avia-iconfont avia-font-entypo-fontello' data-av_icon='\ue841' data-av_iconfont='entypo-fontello' ><\/i><\/span><\/span><\/div><h2 class='av-milestone-date ' id='milestone-2020' ><strong>2020<span class='av-milestone-indicator'><\/span><\/strong><\/h2><\/li>\n<li  class='av-milestone av-l1eueoyj-4af76a12f0d4cf05a5eb745d5c2cb082 av-animated-generic fade-in av-milestone-valign-baseline av-milestone-odd'><h2 class='av-milestone-date ' id='milestone-2021' ><strong>2021<span class='av-milestone-indicator'><\/span><\/strong><\/h2><div class=\"av-milestone-icon-wrap\"><span class='av-milestone-icon milestone_icon avia-font-entypo-fontello'><span class='av-milestone-icon-inner milestone_inner'><i class='milestone-char avia-iconfont avia-font-entypo-fontello' data-av_icon='\ue841' data-av_iconfont='entypo-fontello' ><\/i><\/span><\/span><\/div><article class='av-milestone-content-wrap'><div class='av-milestone-contentbox'><header class=\"entry-content-header\" aria-label=\"Milestone: Shareholding\"><h4 class='av-milestone-title '>Shareholding<\/h4><\/header><div class='av-milestone-content'><p>In September, an agreement in principle is signed with TALC INVESMENT, ABU DHABI for the contribution of financing to the project.&#13;<br \/>\n&#13;<br \/>\nIn September 2021, a letter of intent is drawn up with TALC INVESMENT, ABU DHABI, which allows for adequate financial capacity to develop the project.<\/p>\n<\/div><\/div><footer class='av-milestone-article-footer entry-footer'><\/footer><\/article><\/li>\n<li  class='av-milestone av-l1eufla8-aaa47145304ab59a647d14f594dc8634 av-animated-generic fade-in av-milestone-valign-baseline av-milestone-even'><article class='av-milestone-content-wrap'><div class='av-milestone-contentbox'><header class=\"entry-content-header\" aria-label=\"Milestone:  Latest generation products\"><h4 class='av-milestone-title '> Latest generation products<\/h4><\/header><div class='av-milestone-content'><p>Sistema Wifo como visi\u00f3n de futuro.<\/p>\n<p>Se confirma el acuerdo con <a href=\"https:\/\/talc.ae\/#\/en\/\"><strong>TALC<\/strong><\/a> y entra a formar parte de la Compa\u00f1\u00eda.<\/p>\n<p>Con este grupo de expertos profesionales, WIFO ofrece al mercado de las telecomunicaciones, acercar al m\u00e1ximo la red de acceso m\u00f3vil, a los usuarios, para dar mayor conectividad y preparar las telecomunicaciones a la creciente demanda de conectividad.<\/p>\n<p>Nuestra actividad principal es el dise\u00f1o, producci\u00f3n y distribuci\u00f3n de productos y soluciones para el mercado de las Telecomunicaciones, utilizando SmallCells de \u00faltima generaci\u00f3n 4G y 5G, LTE y Wifi en cualquiera de sus tecnolog\u00edas, haciendo de WIFO, un equipo totalmente preparado para el futuro de las Telecomunicaciones.<\/p>\n<p>Nos encontramos desarrollando tambi\u00e9n con Qualcomm, la incorporaci\u00f3n a nuestro sistema Wifo de IoT e Inteligencia artificial que aportara a nuestros equipos soluciones para este futuro tan inmediato.<\/p>\n<p><a href=\"https:\/\/talc.ae\/#\/en\" target=\"_blank\" rel=\"noopener\"><img loading=\"lazy\" decoding=\"async\" class=\"alignright wp-image-4175\" src=\"http:\/\/wifonetworks.com\/wp-content\/uploads\/2022\/06\/talc-logo-300x86.png\" alt=\"\" width=\"200\" height=\"58\" srcset=\"https:\/\/wifonetworks.com\/wp-content\/uploads\/2022\/06\/talc-logo-300x86.png 300w, https:\/\/wifonetworks.com\/wp-content\/uploads\/2022\/06\/talc-logo.png 556w\" sizes=\"auto, (max-width: 200px) 100vw, 200px\" \/><\/a><\/p>\n<\/div><\/div><footer class='av-milestone-article-footer entry-footer'><\/footer><\/article><div class=\"av-milestone-icon-wrap\"><span class='av-milestone-icon milestone_icon avia-font-entypo-fontello'><span class='av-milestone-icon-inner milestone_inner'><i class='milestone-char avia-iconfont avia-font-entypo-fontello' data-av_icon='\ue841' data-av_iconfont='entypo-fontello' ><\/i><\/span><\/span><\/div><h2 class='av-milestone-date ' id='milestone-2022' ><strong>2022<span class='av-milestone-indicator'><\/span><\/strong><\/h2><\/li>\n<\/ul><\/div><br \/>\n\n<style type=\"text\/css\" data-created_by=\"avia_inline_auto\" id=\"style-css-av-l1eu9lgj-8386b30b5564a81be93d7890e91cf6d5\">\n#top .av-special-heading.av-l1eu9lgj-8386b30b5564a81be93d7890e91cf6d5{\npadding-bottom:10px;\ncolor:#0398b2;\n}\nbody .av-special-heading.av-l1eu9lgj-8386b30b5564a81be93d7890e91cf6d5 .av-special-heading-tag .heading-char{\nfont-size:25px;\n}\n.av-special-heading.av-l1eu9lgj-8386b30b5564a81be93d7890e91cf6d5 .special-heading-inner-border{\nborder-color:#c6c6c6;\n}\n.av-special-heading.av-l1eu9lgj-8386b30b5564a81be93d7890e91cf6d5 .av-subheading{\nfont-size:25px;\n}\nbody .av-special-heading.av-l1eu9lgj-8386b30b5564a81be93d7890e91cf6d5 .av-special-heading-tag .heading-wrap:before{\nborder-color:#c6c6c6;\n}\nbody .av-special-heading.av-l1eu9lgj-8386b30b5564a81be93d7890e91cf6d5 .av-special-heading-tag .heading-wrap:after{\nborder-color:#c6c6c6;\n}\n<\/style>\n<div  class='av-special-heading av-l1eu9lgj-8386b30b5564a81be93d7890e91cf6d5 av-special-heading-h2 custom-color-heading blockquote elegant-quote elegant-centered  avia-builder-el-5  el_after_av_timeline  avia-builder-el-last '><h2 class='av-special-heading-tag '  itemprop=\"headline\"  ><span class=\"heading-wrap\">WIFO future alliance<\/span><\/h2><div class='av_custom_color av-subheading av-subheading_below'><p>Future alliance<\/p>\n<\/div><div class=\"special-heading-border\"><div class=\"special-heading-inner-border\"><\/div><\/div><\/div><\/p><\/div><div  class='flex_column av-btcsa9-b77b6d5f2d288ab5de99720fd6d3c55f av_one_third  avia-builder-el-6  el_after_av_one_full  el_before_av_one_third  first flex_column_div  column-top-margin'     ><\/div><\/p>\n<div  class='flex_column av-beqdo1-a5597e4005c412ff9094c464ebb8968a av_one_third  avia-builder-el-7  el_after_av_one_third  el_before_av_one_third  flex_column_div  column-top-margin'     ><\/div>\n<div  class='flex_column av-99f8rl-7bb4e928787858977bab68b745e27f84 av_one_third  avia-builder-el-8  el_after_av_one_third  el_before_av_section  avia-builder-el-last  flex_column_div  column-top-margin'     ><\/div>\n<\/div><\/div><\/div><!-- close content main div --><\/div><\/div>\n<style type=\"text\/css\" data-created_by=\"avia_inline_auto\" id=\"style-css-av-7uu1ht-c719eb557e72a40730380bfbf47f2022\">\n.avia-section.av-7uu1ht-c719eb557e72a40730380bfbf47f2022{\nbackground-repeat:no-repeat;\nbackground-image:url(https:\/\/wifonetworks.com\/wp-content\/uploads\/2022\/03\/AdobeStock_292161295_Preview.jpeg);\nbackground-position:50% 50%;\nbackground-attachment:scroll;\n}\n.avia-section.av-7uu1ht-c719eb557e72a40730380bfbf47f2022 .av-section-color-overlay{\nopacity:0.8;\nbackground-color:#01223a;\n}\n<\/style>\n<div id='home-contact'  class='avia-section av-7uu1ht-c719eb557e72a40730380bfbf47f2022 main_color avia-section-huge avia-no-border-styling  avia-builder-el-9  el_after_av_one_third  avia-builder-el-last  avia-bg-style-scroll av-section-color-overlay-active av-minimum-height av-minimum-height-30 av-height-percent  container_wrap sidebar_right'  data-section-bg-repeat='no-repeat' data-av_minimum_height_pc='30' data-av_min_height_opt='percent'><div class=\"av-section-color-overlay-wrap\"><div class=\"av-section-color-overlay\"><\/div><div class='container av-section-cont-open' ><div class='template-page content  av-content-small alpha units'><div class='post-entry post-entry-type-page post-entry-4468'><div class='entry-content-wrapper clearfix'>\n\n<style type=\"text\/css\" data-created_by=\"avia_inline_auto\" id=\"style-css-av-5w4lox-69c159a996efaab0783c30331b6674df\">\n#top .av_textblock_section.av-5w4lox-69c159a996efaab0783c30331b6674df .avia_textblock{\ncolor:#ffffff;\n}\n<\/style>\n<section  class='av_textblock_section av-5w4lox-69c159a996efaab0783c30331b6674df '   itemscope=\"itemscope\" itemtype=\"https:\/\/schema.org\/CreativeWork\" ><div class='avia_textblock av_inherit_color'  itemprop=\"text\" ><h2 style=\"text-align: center;\">Contact us<\/h2>\n<p>&#13;<\/p>\n<p style=\"text-align: center;\">We will contact you in a maximum of 24 hours to answer all your questions<\/p>\n<\/div><\/section>\n\n<style type=\"text\/css\" data-created_by=\"avia_inline_auto\" id=\"style-css-av-fqrsx-d3d487ae3df6c20ebec90a98d2c30cd1\">\n#top .hr.hr-invisible.av-fqrsx-d3d487ae3df6c20ebec90a98d2c30cd1{\nheight:40px;\n}\n<\/style>\n<div  class='hr av-fqrsx-d3d487ae3df6c20ebec90a98d2c30cd1 hr-invisible  avia-builder-el-11  el_after_av_textblock  el_before_av_button '><span class='hr-inner '><span class=\"hr-inner-style\"><\/span><\/span><\/div>\n<div  class='avia-button-wrap av-2mgpep-a306c5b14287b957b00346775bd23aba-wrap avia-button-center  avia-builder-el-12  el_after_av_hr  avia-builder-el-last '>\n<style type=\"text\/css\" data-created_by=\"avia_inline_auto\" id=\"style-css-av-2mgpep-a306c5b14287b957b00346775bd23aba\">\n#top #wrap_all .avia-button.av-2mgpep-a306c5b14287b957b00346775bd23aba{\nbackground-color:#009ab1;\nborder-color:#009ab1;\ncolor:#ffffff;\nborder-radius:50px 50px 50px 50px;\ntransition:all 0.4s ease-in-out;\n}\n#top #wrap_all .avia-button.av-2mgpep-a306c5b14287b957b00346775bd23aba:hover{\nbackground-color:#009ab1;\ncolor:white;\ntransition:all 0.4s ease-in-out;\n}\n#top #wrap_all.avia-button.av-2mgpep-a306c5b14287b957b00346775bd23aba:hover .avia_button_background{\nborder-radius:50px 50px 50px 50px;\n}\n#top #wrap_all .avia-button.av-2mgpep-a306c5b14287b957b00346775bd23aba .avia-svg-icon svg:first-child{\nfill:#ffffff;\nstroke:#ffffff;\n}\n#top #wrap_all .avia-button.av-2mgpep-a306c5b14287b957b00346775bd23aba:hover .avia-svg-icon svg:first-child{\nfill:white;\nstroke:white;\n}\n<\/style>\n<a href=''  class='avia-button av-2mgpep-a306c5b14287b957b00346775bd23aba av-link-btn avia-icon_select-yes-left-icon avia-size-large avia-position-center'   aria-label=\"CONTACT US\"><span class='avia_button_icon avia_button_icon_left avia-iconfont avia-font-entypo-fontello' data-av_icon='\ue805' data-av_iconfont='entypo-fontello' ><\/span><span class='avia_iconbox_title' >CONTACT US<\/span><\/a><\/div>\n<\/div><\/div><\/div><!-- close content main div --><\/div><\/div><\/div><div id='after_section_1'  class='main_color av_default_container_wrap container_wrap sidebar_right'  ><div class='container av-section-cont-open' ><div class='template-page content  av-content-small alpha units'><div class='post-entry post-entry-type-page post-entry-4468'><div class='entry-content-wrapper clearfix'>\n","protected":false},"excerpt":{"rendered":"","protected":false},"author":1,"featured_media":0,"parent":0,"menu_order":0,"comment_status":"closed","ping_status":"closed","template":"","meta":{"footnotes":""},"class_list":["post-4468","page","type-page","status-publish","hentry"],"yoast_head":"<!-- This site is optimized with the Yoast SEO plugin v26.5 - https:\/\/yoast.com\/wordpress\/plugins\/seo\/ -->\n<title>Who are we - Wifonetworks<\/title>\n<meta name=\"robots\" content=\"index, follow, max-snippet:-1, max-image-preview:large, max-video-preview:-1\" \/>\n<link rel=\"canonical\" href=\"https:\/\/wifonetworks.com\/quienes-somos\/\" \/>\n<meta property=\"og:locale\" content=\"en_US\" \/>\n<meta property=\"og:type\" content=\"article\" \/>\n<meta property=\"og:title\" content=\"Who are we - Wifonetworks\" \/>\n<meta property=\"og:url\" content=\"https:\/\/wifonetworks.com\/quienes-somos\/\" \/>\n<meta property=\"og:site_name\" content=\"Wifonetworks\" \/>\n<meta property=\"article:modified_time\" content=\"2022-07-07T07:48:37+00:00\" \/>\n<meta property=\"og:image\" content=\"http:\/\/wifonetworks.com\/wp-content\/uploads\/2022\/02\/logo_wifo-300x136.png\" \/>\n<meta name=\"twitter:card\" content=\"summary_large_image\" \/>\n<meta name=\"twitter:label1\" content=\"Est. reading time\" \/>\n\t<meta name=\"twitter:data1\" content=\"14 minutes\" \/>\n<script type=\"application\/ld+json\" class=\"yoast-schema-graph\">{\"@context\":\"https:\/\/schema.org\",\"@graph\":[{\"@type\":\"WebPage\",\"@id\":\"https:\/\/wifonetworks.com\/quienes-somos\/\",\"url\":\"https:\/\/wifonetworks.com\/quienes-somos\/\",\"name\":\"Who are we - Wifonetworks\",\"isPartOf\":{\"@id\":\"https:\/\/wifonetworks.com\/#website\"},\"primaryImageOfPage\":{\"@id\":\"https:\/\/wifonetworks.com\/quienes-somos\/#primaryimage\"},\"image\":{\"@id\":\"https:\/\/wifonetworks.com\/quienes-somos\/#primaryimage\"},\"thumbnailUrl\":\"http:\/\/wifonetworks.com\/wp-content\/uploads\/2022\/02\/logo_wifo-300x136.png\",\"datePublished\":\"2017-10-05T14:27:49+00:00\",\"dateModified\":\"2022-07-07T07:48:37+00:00\",\"breadcrumb\":{\"@id\":\"https:\/\/wifonetworks.com\/quienes-somos\/#breadcrumb\"},\"inLanguage\":\"en-US\",\"potentialAction\":[{\"@type\":\"ReadAction\",\"target\":[\"https:\/\/wifonetworks.com\/quienes-somos\/\"]}]},{\"@type\":\"ImageObject\",\"inLanguage\":\"en-US\",\"@id\":\"https:\/\/wifonetworks.com\/quienes-somos\/#primaryimage\",\"url\":\"http:\/\/wifonetworks.com\/wp-content\/uploads\/2022\/02\/logo_wifo-300x136.png\",\"contentUrl\":\"http:\/\/wifonetworks.com\/wp-content\/uploads\/2022\/02\/logo_wifo-300x136.png\"},{\"@type\":\"BreadcrumbList\",\"@id\":\"https:\/\/wifonetworks.com\/quienes-somos\/#breadcrumb\",\"itemListElement\":[{\"@type\":\"ListItem\",\"position\":1,\"name\":\"Portada\",\"item\":\"https:\/\/wifonetworks.com\/\"},{\"@type\":\"ListItem\",\"position\":2,\"name\":\"Who are we\"}]},{\"@type\":\"WebSite\",\"@id\":\"https:\/\/wifonetworks.com\/#website\",\"url\":\"https:\/\/wifonetworks.com\/\",\"name\":\"Wifonetworks\",\"description\":\"Transportamos la luz a todo el mundo\",\"publisher\":{\"@id\":\"https:\/\/wifonetworks.com\/#organization\"},\"potentialAction\":[{\"@type\":\"SearchAction\",\"target\":{\"@type\":\"EntryPoint\",\"urlTemplate\":\"https:\/\/wifonetworks.com\/?s={search_term_string}\"},\"query-input\":{\"@type\":\"PropertyValueSpecification\",\"valueRequired\":true,\"valueName\":\"search_term_string\"}}],\"inLanguage\":\"en-US\"},{\"@type\":\"Organization\",\"@id\":\"https:\/\/wifonetworks.com\/#organization\",\"name\":\"Wifonetworks\",\"url\":\"https:\/\/wifonetworks.com\/\",\"logo\":{\"@type\":\"ImageObject\",\"inLanguage\":\"en-US\",\"@id\":\"https:\/\/wifonetworks.com\/#\/schema\/logo\/image\/\",\"url\":\"https:\/\/wifonetworks.com\/wp-content\/uploads\/2022\/02\/logo_wifo-retina.png\",\"contentUrl\":\"https:\/\/wifonetworks.com\/wp-content\/uploads\/2022\/02\/logo_wifo-retina.png\",\"width\":1122,\"height\":508,\"caption\":\"Wifonetworks\"},\"image\":{\"@id\":\"https:\/\/wifonetworks.com\/#\/schema\/logo\/image\/\"}}]}<\/script>\n<!-- \/ Yoast SEO plugin. -->","yoast_head_json":{"title":"Who are we - Wifonetworks","robots":{"index":"index","follow":"follow","max-snippet":"max-snippet:-1","max-image-preview":"max-image-preview:large","max-video-preview":"max-video-preview:-1"},"canonical":"https:\/\/wifonetworks.com\/quienes-somos\/","og_locale":"en_US","og_type":"article","og_title":"Who are we - Wifonetworks","og_url":"https:\/\/wifonetworks.com\/quienes-somos\/","og_site_name":"Wifonetworks","article_modified_time":"2022-07-07T07:48:37+00:00","og_image":[{"url":"http:\/\/wifonetworks.com\/wp-content\/uploads\/2022\/02\/logo_wifo-300x136.png","type":"","width":"","height":""}],"twitter_card":"summary_large_image","twitter_misc":{"Est. reading time":"14 minutes"},"schema":{"@context":"https:\/\/schema.org","@graph":[{"@type":"WebPage","@id":"https:\/\/wifonetworks.com\/quienes-somos\/","url":"https:\/\/wifonetworks.com\/quienes-somos\/","name":"Who are we - Wifonetworks","isPartOf":{"@id":"https:\/\/wifonetworks.com\/#website"},"primaryImageOfPage":{"@id":"https:\/\/wifonetworks.com\/quienes-somos\/#primaryimage"},"image":{"@id":"https:\/\/wifonetworks.com\/quienes-somos\/#primaryimage"},"thumbnailUrl":"http:\/\/wifonetworks.com\/wp-content\/uploads\/2022\/02\/logo_wifo-300x136.png","datePublished":"2017-10-05T14:27:49+00:00","dateModified":"2022-07-07T07:48:37+00:00","breadcrumb":{"@id":"https:\/\/wifonetworks.com\/quienes-somos\/#breadcrumb"},"inLanguage":"en-US","potentialAction":[{"@type":"ReadAction","target":["https:\/\/wifonetworks.com\/quienes-somos\/"]}]},{"@type":"ImageObject","inLanguage":"en-US","@id":"https:\/\/wifonetworks.com\/quienes-somos\/#primaryimage","url":"http:\/\/wifonetworks.com\/wp-content\/uploads\/2022\/02\/logo_wifo-300x136.png","contentUrl":"http:\/\/wifonetworks.com\/wp-content\/uploads\/2022\/02\/logo_wifo-300x136.png"},{"@type":"BreadcrumbList","@id":"https:\/\/wifonetworks.com\/quienes-somos\/#breadcrumb","itemListElement":[{"@type":"ListItem","position":1,"name":"Portada","item":"https:\/\/wifonetworks.com\/"},{"@type":"ListItem","position":2,"name":"Who are we"}]},{"@type":"WebSite","@id":"https:\/\/wifonetworks.com\/#website","url":"https:\/\/wifonetworks.com\/","name":"Wifonetworks","description":"Transportamos la luz a todo el mundo","publisher":{"@id":"https:\/\/wifonetworks.com\/#organization"},"potentialAction":[{"@type":"SearchAction","target":{"@type":"EntryPoint","urlTemplate":"https:\/\/wifonetworks.com\/?s={search_term_string}"},"query-input":{"@type":"PropertyValueSpecification","valueRequired":true,"valueName":"search_term_string"}}],"inLanguage":"en-US"},{"@type":"Organization","@id":"https:\/\/wifonetworks.com\/#organization","name":"Wifonetworks","url":"https:\/\/wifonetworks.com\/","logo":{"@type":"ImageObject","inLanguage":"en-US","@id":"https:\/\/wifonetworks.com\/#\/schema\/logo\/image\/","url":"https:\/\/wifonetworks.com\/wp-content\/uploads\/2022\/02\/logo_wifo-retina.png","contentUrl":"https:\/\/wifonetworks.com\/wp-content\/uploads\/2022\/02\/logo_wifo-retina.png","width":1122,"height":508,"caption":"Wifonetworks"},"image":{"@id":"https:\/\/wifonetworks.com\/#\/schema\/logo\/image\/"}}]}},"_links":{"self":[{"href":"https:\/\/wifonetworks.com\/en\/wp-json\/wp\/v2\/pages\/4468","targetHints":{"allow":["GET"]}}],"collection":[{"href":"https:\/\/wifonetworks.com\/en\/wp-json\/wp\/v2\/pages"}],"about":[{"href":"https:\/\/wifonetworks.com\/en\/wp-json\/wp\/v2\/types\/page"}],"author":[{"embeddable":true,"href":"https:\/\/wifonetworks.com\/en\/wp-json\/wp\/v2\/users\/1"}],"replies":[{"embeddable":true,"href":"https:\/\/wifonetworks.com\/en\/wp-json\/wp\/v2\/comments?post=4468"}],"version-history":[{"count":8,"href":"https:\/\/wifonetworks.com\/en\/wp-json\/wp\/v2\/pages\/4468\/revisions"}],"predecessor-version":[{"id":4482,"href":"https:\/\/wifonetworks.com\/en\/wp-json\/wp\/v2\/pages\/4468\/revisions\/4482"}],"wp:attachment":[{"href":"https:\/\/wifonetworks.com\/en\/wp-json\/wp\/v2\/media?parent=4468"}],"curies":[{"name":"wp","href":"https:\/\/api.w.org\/{rel}","templated":true}]}}